{"id":4457,"date":"2018-05-03T12:20:02","date_gmt":"2018-05-03T12:20:02","guid":{"rendered":"https:\/\/www.atemgold09.de\/?page_id=4457"},"modified":"2023-02-16T09:03:45","modified_gmt":"2023-02-16T09:03:45","slug":"datenschutzerklaerung","status":"publish","type":"page","link":"https:\/\/www.atemgold09.de\/?page_id=4457","title":{"rendered":"Datenschutzerkl\u00e4rung"},"content":{"rendered":"<p>Die Nutzung unserer Webseite ist ohne Angabe personenbezogener Daten m\u00f6glich. Soweit auf unseren Seiten personenbezogene Daten (beispielsweise Name, Anschrift oder eMail-Adressen) erhoben werden, erfolgt dies stets auf freiwilliger Basis. Diese Daten werden ohne Ihre ausdr\u00fcckliche Zustimmung nicht an Dritte weitergegeben.<\/p>\n<p>Wir weisen darauf hin, dass die Daten\u00fcbertragung im Internet (z.B. bei der Kommunikation per E-Mail) Sicherheitsl\u00fccken aufweisen kann. Ein l\u00fcckenloser Schutz der Daten vor dem Zugriff durch Dritte ist nicht m\u00f6glich.<\/p>\n<p>&nbsp;<\/p>\n<p><strong>Server-Logs<\/strong><br \/>\nDer Internet Presence Provider dieser Seiten speichert automatisch Informationen \u00fcber Ihren Besuch der Website in so genannten Server-Log Files. Beim Aufruf einer Seite und deren verkn\u00fcpften Dateien (Bilder,etc.) des Angebots werden jeweils:<\/p>\n<p>die Uhrzeit der Serveranfrage,<br \/>\nder benutzte Browsertyp und die Browserversion<br \/>\ndas verwendetes Betriebssystem<br \/>\nReferrer URL, die HTTP-Adresse der Webseite, von der der Seitenaufruf ausgef\u00fchrt wurde<br \/>\ndie IP-Adresse des zugreifenden Rechners<br \/>\ndie \u00fcbertragenen Datenmenge<br \/>\nder Zugriffsstatus<\/p>\n<p>aufgezeichnet.<\/p>\n<p>Die IP-Adresse des zugreifenden Rechners wird automatisch anonymisiert und diese Daten sind damit bestimmten Personen nicht zuzuordnen. Eine Zusammenf\u00fchrung dieser Daten mit anderen Datenquellen wird nicht vorgenommen. Wir behalten uns vor, diese Daten nachtr\u00e4glich zu pr\u00fcfen, wenn uns konkrete Anhaltspunkte f\u00fcr eine rechtswidrige Nutzung bekannt werden. Die Daten bilden die Grundlage f\u00fcr die weitere statistische Auswertung der Webseitenbenutzung. Eine Weitergabe an Dritte findet nicht statt.<\/p>\n<p>&nbsp;<\/p>\n<p><strong>Cookies<\/strong><\/p>\n<p>Unsere Internetsite verwendet Cookies &#8211; das sind Textdateien, die auf Ihrem Computer abgelegt und gespeichert werden. Diese Website verwendet einen Cookie, der auf Ihre lokalen Computer gespeichert wird. Das WordPress-PlugIn &#8222;wpfilebase&#8220; setzt einen Cookie mit dem Wert &#8222;1&#8220;.<\/p>\n<p>Wenn auf unseren Seiten Videos zu sehen sind werden von den Betreibern der Videoplattformen (YouTube und Vimeo) auch Cookies gespeichert.Sie k\u00f6nnen die Installation der Cookies durch eine entsprechende Einstellung Ihres Browsers verhindern; wir weisen Sie jedoch darauf hin, dass Sie in diesem Fall gegebenenfalls nicht s\u00e4mtliche Funktionen unserer Website vollumf\u00e4nglich nutzen k\u00f6nnen.<\/p>\n<p>&nbsp;<\/p>\n<p><strong>Externe Dienstanbieter<\/strong><br \/>\nGoogle Web Fonts<br \/>\nZur Darstellung von Schriften auf den Webseiten des Angebots werden Google Web Fonts verwendet, die auf externen Servern der Google LLC zur Verf\u00fcgung gestellt werden.<\/p>\n<p>Durch die Nutzung dieses Webangebots, erkl\u00e4rt sich der User mit der Bearbeitung der \u00fcber ihn erhobenen Daten durch Google, seiner Vertreter, oder Drittanbieter einverstanden. Ihre Daten werden ins Ausland \u00fcbertragen.<br \/>\nWeitere Informationen \u00fcber die oben angef\u00fchrten Dienste finden Sie in der Datenschutzerkl\u00e4rung von Google: <a href=\"https:\/\/policies.google.com\/privacy?hl=de\" target=\"_blank\" rel=\"noopener noreferrer\">https:\/\/policies.google.com\/privacy?hl=de<\/a><\/p>\n<p>Google LLC<br \/>\n1600 Amphitheatre Parkway<br \/>\nMountain View, CA 94043<br \/>\nUSA<\/p>\n<p>YouTube<br \/>\nDiese Website nutzt Inhalte der von Google betriebenen Seite YouTube. Betreiber der Seiten ist die YouTube, LLC, 901 Cherry Ave., San Bruno, CA 94066, USA. Wenn Sie eine unserer mit einem YouTube-Video ausgestatteten Seiten besuchen, wird eine Verbindung zu den Servern von YouTube hergestellt. Dabei wird dem Youtube-Server mitgeteilt, welche unserer Seiten Sie besucht haben.<br \/>\nWenn Sie in Ihrem YouTube-Account eingeloggt sind erm\u00f6glichen Sie YouTube, Ihr Surfverhalten direkt Ihrem pers\u00f6nlichen Profil zuzuordnen. Dies k\u00f6nnen Sie verhindern, indem Sie sich aus Ihrem YouTube- Account ausloggen.<br \/>\nWeitere Informationen zum Umgang von Nutzerdaten finden Sie in der Datenschutzerkl\u00e4rung von YouTube unter: <a href=\"https:\/\/www.google.de\/intl\/de\/policies\/privacy\" target=\"_blank\" rel=\"noopener noreferrer\">https:\/\/www.google.de\/intl\/de\/policies\/privacy<\/a><\/p>\n<p>&nbsp;<\/p>\n<p><strong>Auskunft, L\u00f6schung, Sperrung<\/strong><br \/>\nSie haben jederzeit das Recht auf unentgeltliche Auskunft \u00fcber Ihre gespeicherten personenbezogenen Daten, deren Herkunft und Empf\u00e4nger und den Zweck der Datenverarbeitung sowie ein Recht auf Berichtigung, Sperrung oder L\u00f6schung dieser Daten. Hierzu sowie zu weiteren Fragen zum Thema personenbezogene Daten k\u00f6nnen Sie sich jederzeit unter der im Impressum angegebenen Adresse an uns wenden.<\/p>\n","protected":false},"excerpt":{"rendered":"<p>Die Nutzung unserer Webseite ist ohne Angabe personenbezogener Daten m\u00f6glich. Soweit auf unseren Seiten personenbezogene Daten (beispielsweise Name, Anschrift oder eMail-Adressen) erhoben werden, erfolgt dies stets auf freiwilliger Basis. Diese Daten werden ohne Ihre ausdr\u00fcckliche Zustimmung nicht an Dritte weitergegeben. &hellip; <a href=\"https:\/\/www.atemgold09.de\/?page_id=4457\">Weiterlesen <span class=\"meta-nav\">&rarr;<\/span><\/a><\/p>\n","protected":false},"author":1,"featured_media":0,"parent":0,"menu_order":0,"comment_status":"closed","ping_status":"closed","template":"","meta":{"footnotes":""},"class_list":["post-4457","page","type-page","status-publish","hentry"],"_links":{"self":[{"href":"https:\/\/www.atemgold09.de\/index.php?rest_route=\/wp\/v2\/pages\/4457","targetHints":{"allow":["GET"]}}],"collection":[{"href":"https:\/\/www.atemgold09.de\/index.php?rest_route=\/wp\/v2\/pages"}],"about":[{"href":"https:\/\/www.atemgold09.de\/index.php?rest_route=\/wp\/v2\/types\/page"}],"author":[{"embeddable":true,"href":"https:\/\/www.atemgold09.de\/index.php?rest_route=\/wp\/v2\/users\/1"}],"replies":[{"embeddable":true,"href":"https:\/\/www.atemgold09.de\/index.php?rest_route=%2Fwp%2Fv2%2Fcomments&post=4457"}],"version-history":[{"count":21,"href":"https:\/\/www.atemgold09.de\/index.php?rest_route=\/wp\/v2\/pages\/4457\/revisions"}],"predecessor-version":[{"id":4461,"href":"https:\/\/www.atemgold09.de\/index.php?rest_route=\/wp\/v2\/pages\/4457\/revisions\/4461"}],"wp:attachment":[{"href":"https:\/\/www.atemgold09.de\/index.php?rest_route=%2Fwp%2Fv2%2Fmedia&parent=4457"}],"curies":[{"name":"wp","href":"https:\/\/api.w.org\/{rel}","templated":true}]}}